{"id":666,"date":"2020-06-02T14:41:34","date_gmt":"2020-06-02T12:41:34","guid":{"rendered":"https:\/\/beatricevillata.com\/profilo\/"},"modified":"2025-01-31T10:19:26","modified_gmt":"2025-01-31T09:19:26","slug":"a-propos","status":"publish","type":"page","link":"https:\/\/beatricevillata.com\/fr\/a-propos\/","title":{"rendered":"\u00c0 propos"},"content":{"rendered":"<div class=\"wp-block-image profile-image can-move\">\n<figure class=\"aligncenter size-full\"><img loading=\"lazy\" decoding=\"async\" width=\"1280\" height=\"1920\" src=\"https:\/\/beatricevillata.com\/wp-content\/uploads\/2022\/12\/BVL-ritratto-rimadesio.jpg\" alt=\"Portrait de Beatrice Villata, architecte d'int\u00e9rieur\" class=\"wp-image-1034\" srcset=\"https:\/\/beatricevillata.com\/wp-content\/uploads\/2022\/12\/BVL-ritratto-rimadesio.jpg 1280w, https:\/\/beatricevillata.com\/wp-content\/uploads\/2022\/12\/BVL-ritratto-rimadesio-200x300.jpg 200w, https:\/\/beatricevillata.com\/wp-content\/uploads\/2022\/12\/BVL-ritratto-rimadesio-683x1024.jpg 683w, https:\/\/beatricevillata.com\/wp-content\/uploads\/2022\/12\/BVL-ritratto-rimadesio-768x1152.jpg 768w, https:\/\/beatricevillata.com\/wp-content\/uploads\/2022\/12\/BVL-ritratto-rimadesio-1024x1536.jpg 1024w, https:\/\/beatricevillata.com\/wp-content\/uploads\/2022\/12\/BVL-ritratto-rimadesio-720x1080.jpg 720w\" sizes=\"auto, (max-width: 1280px) 100vw, 1280px\" \/><\/figure>\n<\/div>\n\n\n<div class=\"wp-block-columns profile-text is-layout-flex wp-container-core-columns-is-layout-9d6595d7 wp-block-columns-is-layout-flex\">\n<div class=\"wp-block-column is-layout-flow wp-block-column-is-layout-flow\" style=\"flex-basis:8.3%\"><\/div>\n\n\n\n<div class=\"wp-block-column is-layout-flow wp-block-column-is-layout-flow\" style=\"flex-basis:83.3%\">\n<p class=\"is-style-profile-text\">Beatrice Villata est dipl\u00f4m\u00e9e \u00e0 l\u2019Ecole Polytechnique de Milan en interior design. Sa carri\u00e8re professionnelle commence \u00e0 Paris chez Paillard Pelizza Architectes et se poursuit aupr\u00e8s de l\u2019agence suisse <a rel=\"noreferrer noopener\" href=\"http:\/\/www.antorini.ch\/it\/\" target=\"_blank\">JPA Jean Pierre Antorini<\/a>&nbsp;; elle travaille \u00e9galement, en tant que project manager, avec l\u2019agence milanaise <a href=\"https:\/\/www.lparchitecture.it\/\" target=\"_blank\" rel=\"noreferrer noopener\">Longo Palmarini Architecture &amp; Partners (LPA)<\/a>&nbsp;; pour ces deux derni\u00e8res elle suit sp\u00e9cialement des projets sur le territoire fran\u00e7ais entre la C\u00f4te d\u2019Azur et Paris et dans la Principaut\u00e9 de Monaco, en se sp\u00e9cialisant non seulement sur les projets de maisons particuli\u00e8res mais surtout dans le milieu de l\u2019h\u00f4tellerie et Real Estate.<\/p>\n\n\n\n<p class=\"is-style-profile-text\">Beatrice cr\u00e9e son agence de design en 2015 et g\u00e8re diff\u00e9rents projets de maisons et appartements priv\u00e9s et projets publiques (h\u00f4tels et bureaux). L\u2019esprit cosmopolite et ses racines s\u2019expriment dans tous ses projets d\u2019architecture d\u2019int\u00e9rieur et est propre de son aptitude la capacit\u00e9 magistrale de gestion des espaces, gr\u00e2ce aussi \u00e0 l\u2019utilise de la lumi\u00e8re et des couleurs.<\/p>\n\n\n\n<p class=\"is-style-profile-text\">Son attention aux d\u00e9tails les plus minutieux la fait appr\u00e9cier par les agences d\u2019interior design et par les producteurs de mobilier, entre autre <a href=\"https:\/\/www.lemamobili.com\/fr\/projets\" target=\"_blank\" rel=\"noreferrer noopener\">LEMA divisione contact<\/a> avec laquelle Beatrice coop\u00e8re pour la conception et la personnalisation de meubles et des projets contact dans l\u2019h\u00f4tellerie et le Real Estate.<\/p>\n<\/div>\n\n\n\n<div class=\"wp-block-column is-layout-flow wp-block-column-is-layout-flow\" style=\"flex-basis:8.3%\"><\/div>\n<\/div>\n\n\n\n<div style=\"height:100px\" aria-hidden=\"true\" class=\"wp-block-spacer row-padding-3x\"><\/div>\n\n\n\n<div class=\"wp-block-columns is-layout-flex wp-container-core-columns-is-layout-9d6595d7 wp-block-columns-is-layout-flex\">\n<div class=\"wp-block-column is-layout-flow wp-block-column-is-layout-flow\" style=\"flex-basis:16.67%\"><\/div>\n\n\n\n<div class=\"wp-block-column is-layout-flow wp-block-column-is-layout-flow\" style=\"flex-basis:41.67%\">\n<h2 class=\"wp-block-heading is-style-profile-label\">Collaborations et clients<\/h2>\n\n\n\n<p class=\"padding-right-2x\"><a rel=\"noreferrer noopener\" href=\"https:\/\/www.lemamobili.com\/it\/progetti\/\" target=\"_blank\">Lema divisione Contract<\/a>, Very&amp;good consulting \/ RCH, <a rel=\"noreferrer noopener\" href=\"https:\/\/www.impresarusconi.it\/\" target=\"_blank\">Impresa Rusconi<\/a>, La Roggia, Immobiliare Perfetti Ricasoli, La Cafferia, <a rel=\"noreferrer noopener\" href=\"https:\/\/ohworking.com\/\" target=\"_blank\">OH Working<\/a>, <a rel=\"noreferrer noopener\" href=\"https:\/\/pretaparler.it\/\" target=\"_blank\">Pr\u00eat \u00e0 parler<\/a>, <a rel=\"noreferrer noopener\" href=\"https:\/\/www.lparchitecture.it\/\" target=\"_blank\">Longo Palmarini Architecture &amp; Partners LPA<\/a>, <a rel=\"noreferrer noopener\" href=\"http:\/\/www.antorini.ch\/it\/\" target=\"_blank\">JPA Antorini Architetti<\/a>, Paillard Pelizza Architectes, Architetto Pierfederico Ferrario di Tor Vajana, Architetto Paolo Montorfano, <a rel=\"noreferrer noopener\" href=\"https:\/\/www.spagnuloandpartners.it\/it\/\" target=\"_blank\">Spagnulo &amp; Partners<\/a>.<\/p>\n<\/div>\n\n\n\n<div class=\"wp-block-column is-layout-flow wp-block-column-is-layout-flow\" style=\"flex-basis:41.67%\"><\/div>\n<\/div>\n\n\n\n<p><\/p>\n","protected":false},"excerpt":{"rendered":"<p>Beatrice Villata est dipl\u00f4m\u00e9e \u00e0 l\u2019Ecole Polytechnique de Milan en interior design. Sa carri\u00e8re professionnelle commence \u00e0 Paris chez Paillard Pelizza Architectes et se poursuit aupr\u00e8s de l\u2019agence suisse JPA Jean Pierre Antorini&nbsp;; elle travaille \u00e9galement, en tant que project manager, avec l\u2019agence milanaise Longo Palmarini Architecture &amp; Partners (LPA)&nbsp;; pour ces deux derni\u00e8res elle [&hellip;]<\/p>\n","protected":false},"author":1,"featured_media":0,"parent":0,"menu_order":0,"comment_status":"closed","ping_status":"closed","template":"","meta":{"footnotes":""},"class_list":["post-666","page","type-page","status-publish","hentry"],"yoast_head":"<!-- This site is optimized with the Yoast SEO plugin v27.0 - https:\/\/yoast.com\/product\/yoast-seo-wordpress\/ -->\n<title>\u00c0 propos &#8226; Beatrice Villata<\/title>\n<meta name=\"description\" content=\"Beatrice Villata, designer d\u2019int\u00e9rieur sp\u00e9cialis\u00e9e dans l\u2019immobilier et l\u2019h\u00f4tellerie. Depuis 2015, elle dirige son studio, r\u00e9alisant des projets sur mesure.\" \/>\n<meta name=\"robots\" content=\"index, follow, max-snippet:-1, max-image-preview:large, max-video-preview:-1\" \/>\n<link rel=\"canonical\" href=\"https:\/\/beatricevillata.com\/fr\/a-propos\/\" \/>\n<meta property=\"og:locale\" content=\"fr_FR\" \/>\n<meta property=\"og:type\" content=\"article\" \/>\n<meta property=\"og:title\" content=\"\u00c0 propos &#8226; Beatrice Villata\" \/>\n<meta property=\"og:description\" content=\"Beatrice Villata, designer d\u2019int\u00e9rieur sp\u00e9cialis\u00e9e dans l\u2019immobilier et l\u2019h\u00f4tellerie. Depuis 2015, elle dirige son studio, r\u00e9alisant des projets sur mesure.\" \/>\n<meta property=\"og:url\" content=\"https:\/\/beatricevillata.com\/fr\/a-propos\/\" \/>\n<meta property=\"og:site_name\" content=\"Beatrice Villata\" \/>\n<meta property=\"article:modified_time\" content=\"2025-01-31T09:19:26+00:00\" \/>\n<meta property=\"og:image\" content=\"https:\/\/beatricevillata.com\/wp-content\/uploads\/2022\/12\/BVL-ritratto-rimadesio.jpg\" \/>\n<meta name=\"twitter:card\" content=\"summary_large_image\" \/>\n<meta name=\"twitter:label1\" content=\"Dur\u00e9e de lecture estim\u00e9e\" \/>\n\t<meta name=\"twitter:data1\" content=\"2 minutes\" \/>\n<script type=\"application\/ld+json\" class=\"yoast-schema-graph\">{\"@context\":\"https:\/\/schema.org\",\"@graph\":[{\"@type\":\"WebPage\",\"@id\":\"https:\/\/beatricevillata.com\/fr\/a-propos\/\",\"url\":\"https:\/\/beatricevillata.com\/fr\/a-propos\/\",\"name\":\"\u00c0 propos &#8226; Beatrice Villata\",\"isPartOf\":{\"@id\":\"https:\/\/beatricevillata.com\/fr\/#website\"},\"primaryImageOfPage\":{\"@id\":\"https:\/\/beatricevillata.com\/fr\/a-propos\/#primaryimage\"},\"image\":{\"@id\":\"https:\/\/beatricevillata.com\/fr\/a-propos\/#primaryimage\"},\"thumbnailUrl\":\"https:\/\/beatricevillata.com\/wp-content\/uploads\/2022\/12\/BVL-ritratto-rimadesio.jpg\",\"datePublished\":\"2020-06-02T12:41:34+00:00\",\"dateModified\":\"2025-01-31T09:19:26+00:00\",\"description\":\"Beatrice Villata, designer d\u2019int\u00e9rieur sp\u00e9cialis\u00e9e dans l\u2019immobilier et l\u2019h\u00f4tellerie. Depuis 2015, elle dirige son studio, r\u00e9alisant des projets sur mesure.\",\"breadcrumb\":{\"@id\":\"https:\/\/beatricevillata.com\/fr\/a-propos\/#breadcrumb\"},\"inLanguage\":\"fr-FR\",\"potentialAction\":[{\"@type\":\"ReadAction\",\"target\":[\"https:\/\/beatricevillata.com\/fr\/a-propos\/\"]}]},{\"@type\":\"ImageObject\",\"inLanguage\":\"fr-FR\",\"@id\":\"https:\/\/beatricevillata.com\/fr\/a-propos\/#primaryimage\",\"url\":\"https:\/\/beatricevillata.com\/wp-content\/uploads\/2022\/12\/BVL-ritratto-rimadesio.jpg\",\"contentUrl\":\"https:\/\/beatricevillata.com\/wp-content\/uploads\/2022\/12\/BVL-ritratto-rimadesio.jpg\"},{\"@type\":\"BreadcrumbList\",\"@id\":\"https:\/\/beatricevillata.com\/fr\/a-propos\/#breadcrumb\",\"itemListElement\":[{\"@type\":\"ListItem\",\"position\":1,\"name\":\"Home\",\"item\":\"https:\/\/beatricevillata.com\/fr\/\"},{\"@type\":\"ListItem\",\"position\":2,\"name\":\"\u00c0 propos\"}]},{\"@type\":\"WebSite\",\"@id\":\"https:\/\/beatricevillata.com\/fr\/#website\",\"url\":\"https:\/\/beatricevillata.com\/fr\/\",\"name\":\"Beatrice Villata\",\"description\":\"Interior \u2022 Design \u2022 Furniture\",\"publisher\":{\"@id\":\"https:\/\/beatricevillata.com\/fr\/#\/schema\/person\/6cd815160d068f70f883b64b4537bb31\"},\"potentialAction\":[{\"@type\":\"SearchAction\",\"target\":{\"@type\":\"EntryPoint\",\"urlTemplate\":\"https:\/\/beatricevillata.com\/fr\/?s={search_term_string}\"},\"query-input\":{\"@type\":\"PropertyValueSpecification\",\"valueRequired\":true,\"valueName\":\"search_term_string\"}}],\"inLanguage\":\"fr-FR\"},{\"@type\":[\"Person\",\"Organization\"],\"@id\":\"https:\/\/beatricevillata.com\/fr\/#\/schema\/person\/6cd815160d068f70f883b64b4537bb31\",\"name\":\"Beatrice Villata\",\"image\":{\"@type\":\"ImageObject\",\"inLanguage\":\"fr-FR\",\"@id\":\"https:\/\/beatricevillata.com\/fr\/#\/schema\/person\/image\/\",\"url\":\"https:\/\/beatricevillata.com\/wp-content\/uploads\/2020\/06\/cropped-favicon-1.png\",\"contentUrl\":\"https:\/\/beatricevillata.com\/wp-content\/uploads\/2020\/06\/cropped-favicon-1.png\",\"width\":512,\"height\":512,\"caption\":\"Beatrice Villata\"},\"logo\":{\"@id\":\"https:\/\/beatricevillata.com\/fr\/#\/schema\/person\/image\/\"},\"sameAs\":[\"https:\/\/www.beatricevillata.com\",\"https:\/\/www.instagram.com\/beatrice_._villata\/\",\"https:\/\/www.linkedin.com\/in\/beatricevillata\/\"]}]}<\/script>\n<!-- \/ Yoast SEO plugin. -->","yoast_head_json":{"title":"\u00c0 propos &#8226; Beatrice Villata","description":"Beatrice Villata, designer d\u2019int\u00e9rieur sp\u00e9cialis\u00e9e dans l\u2019immobilier et l\u2019h\u00f4tellerie. Depuis 2015, elle dirige son studio, r\u00e9alisant des projets sur mesure.","robots":{"index":"index","follow":"follow","max-snippet":"max-snippet:-1","max-image-preview":"max-image-preview:large","max-video-preview":"max-video-preview:-1"},"canonical":"https:\/\/beatricevillata.com\/fr\/a-propos\/","og_locale":"fr_FR","og_type":"article","og_title":"\u00c0 propos &#8226; Beatrice Villata","og_description":"Beatrice Villata, designer d\u2019int\u00e9rieur sp\u00e9cialis\u00e9e dans l\u2019immobilier et l\u2019h\u00f4tellerie. Depuis 2015, elle dirige son studio, r\u00e9alisant des projets sur mesure.","og_url":"https:\/\/beatricevillata.com\/fr\/a-propos\/","og_site_name":"Beatrice Villata","article_modified_time":"2025-01-31T09:19:26+00:00","og_image":[{"url":"https:\/\/beatricevillata.com\/wp-content\/uploads\/2022\/12\/BVL-ritratto-rimadesio.jpg","type":"","width":"","height":""}],"twitter_card":"summary_large_image","twitter_misc":{"Dur\u00e9e de lecture estim\u00e9e":"2 minutes"},"schema":{"@context":"https:\/\/schema.org","@graph":[{"@type":"WebPage","@id":"https:\/\/beatricevillata.com\/fr\/a-propos\/","url":"https:\/\/beatricevillata.com\/fr\/a-propos\/","name":"\u00c0 propos &#8226; Beatrice Villata","isPartOf":{"@id":"https:\/\/beatricevillata.com\/fr\/#website"},"primaryImageOfPage":{"@id":"https:\/\/beatricevillata.com\/fr\/a-propos\/#primaryimage"},"image":{"@id":"https:\/\/beatricevillata.com\/fr\/a-propos\/#primaryimage"},"thumbnailUrl":"https:\/\/beatricevillata.com\/wp-content\/uploads\/2022\/12\/BVL-ritratto-rimadesio.jpg","datePublished":"2020-06-02T12:41:34+00:00","dateModified":"2025-01-31T09:19:26+00:00","description":"Beatrice Villata, designer d\u2019int\u00e9rieur sp\u00e9cialis\u00e9e dans l\u2019immobilier et l\u2019h\u00f4tellerie. Depuis 2015, elle dirige son studio, r\u00e9alisant des projets sur mesure.","breadcrumb":{"@id":"https:\/\/beatricevillata.com\/fr\/a-propos\/#breadcrumb"},"inLanguage":"fr-FR","potentialAction":[{"@type":"ReadAction","target":["https:\/\/beatricevillata.com\/fr\/a-propos\/"]}]},{"@type":"ImageObject","inLanguage":"fr-FR","@id":"https:\/\/beatricevillata.com\/fr\/a-propos\/#primaryimage","url":"https:\/\/beatricevillata.com\/wp-content\/uploads\/2022\/12\/BVL-ritratto-rimadesio.jpg","contentUrl":"https:\/\/beatricevillata.com\/wp-content\/uploads\/2022\/12\/BVL-ritratto-rimadesio.jpg"},{"@type":"BreadcrumbList","@id":"https:\/\/beatricevillata.com\/fr\/a-propos\/#breadcrumb","itemListElement":[{"@type":"ListItem","position":1,"name":"Home","item":"https:\/\/beatricevillata.com\/fr\/"},{"@type":"ListItem","position":2,"name":"\u00c0 propos"}]},{"@type":"WebSite","@id":"https:\/\/beatricevillata.com\/fr\/#website","url":"https:\/\/beatricevillata.com\/fr\/","name":"Beatrice Villata","description":"Interior \u2022 Design \u2022 Furniture","publisher":{"@id":"https:\/\/beatricevillata.com\/fr\/#\/schema\/person\/6cd815160d068f70f883b64b4537bb31"},"potentialAction":[{"@type":"SearchAction","target":{"@type":"EntryPoint","urlTemplate":"https:\/\/beatricevillata.com\/fr\/?s={search_term_string}"},"query-input":{"@type":"PropertyValueSpecification","valueRequired":true,"valueName":"search_term_string"}}],"inLanguage":"fr-FR"},{"@type":["Person","Organization"],"@id":"https:\/\/beatricevillata.com\/fr\/#\/schema\/person\/6cd815160d068f70f883b64b4537bb31","name":"Beatrice Villata","image":{"@type":"ImageObject","inLanguage":"fr-FR","@id":"https:\/\/beatricevillata.com\/fr\/#\/schema\/person\/image\/","url":"https:\/\/beatricevillata.com\/wp-content\/uploads\/2020\/06\/cropped-favicon-1.png","contentUrl":"https:\/\/beatricevillata.com\/wp-content\/uploads\/2020\/06\/cropped-favicon-1.png","width":512,"height":512,"caption":"Beatrice Villata"},"logo":{"@id":"https:\/\/beatricevillata.com\/fr\/#\/schema\/person\/image\/"},"sameAs":["https:\/\/www.beatricevillata.com","https:\/\/www.instagram.com\/beatrice_._villata\/","https:\/\/www.linkedin.com\/in\/beatricevillata\/"]}]}},"_links":{"self":[{"href":"https:\/\/beatricevillata.com\/fr\/wp-json\/wp\/v2\/pages\/666","targetHints":{"allow":["GET"]}}],"collection":[{"href":"https:\/\/beatricevillata.com\/fr\/wp-json\/wp\/v2\/pages"}],"about":[{"href":"https:\/\/beatricevillata.com\/fr\/wp-json\/wp\/v2\/types\/page"}],"author":[{"embeddable":true,"href":"https:\/\/beatricevillata.com\/fr\/wp-json\/wp\/v2\/users\/1"}],"replies":[{"embeddable":true,"href":"https:\/\/beatricevillata.com\/fr\/wp-json\/wp\/v2\/comments?post=666"}],"version-history":[{"count":8,"href":"https:\/\/beatricevillata.com\/fr\/wp-json\/wp\/v2\/pages\/666\/revisions"}],"predecessor-version":[{"id":1358,"href":"https:\/\/beatricevillata.com\/fr\/wp-json\/wp\/v2\/pages\/666\/revisions\/1358"}],"wp:attachment":[{"href":"https:\/\/beatricevillata.com\/fr\/wp-json\/wp\/v2\/media?parent=666"}],"curies":[{"name":"wp","href":"https:\/\/api.w.org\/{rel}","templated":true}]}}